{"id":379,"date":"2016-01-24T12:53:24","date_gmt":"2016-01-24T12:53:24","guid":{"rendered":"http:\/\/cartografiadadancadoacre.com.br\/?page_id=379"},"modified":"2023-09-14T21:45:39","modified_gmt":"2023-09-14T21:45:39","slug":"festivais-e-eventos","status":"publish","type":"page","link":"https:\/\/cartografiadadancadoacre.com.br\/?page_id=379","title":{"rendered":"A\u00e7\u00f5es\/Forma\u00e7\u00e3o"},"content":{"rendered":"<p><a href=\"http:\/\/cartografiadadancadoacre.com.br\/?page_id=1848\">Express\u00f5es Contempor\u00e2neas &#8211; Cria\u00e7\u00e3o e Visibilidade do SESC\/ACRE (5 Edi\u00e7\u00f5es)<\/a><\/p>\n<p><a href=\"http:\/\/cartografiadadancadoacre.com.br\/?page_id=1849\">Festival de Dan\u00e7a do Aquiry (2 Edi\u00e7\u00f5es)<\/a><\/p>\n<p><a href=\"http:\/\/cartografiadadancadoacre.com.br\/?p=2150\">Festival de Dan\u00e7a Arte em Movimento (2 Edi\u00e7\u00f5es)<\/a><\/p>\n<p><a href=\"http:\/\/cartografiadadancadoacre.com.br\/?p=4043\">F\u00f3rum de Dan\u00e7a do Acre (3 Edi\u00e7\u00f5es)<\/a><\/p>\n<p><a href=\"http:\/\/cartografiadadancadoacre.com.br\/?page_id=1850\">Mostra Garatuja de Dan\u00e7a (8 Edi\u00e7\u00f5es)<\/a><\/p>\n<p><a href=\"http:\/\/cartografiadadancadoacre.com.br\/?p=2133\">Mostra Pl\u00e1cido de Castro (1 Edi\u00e7\u00e3o)<\/a><\/p>\n<p><a href=\"http:\/\/cartografiadadancadoacre.com.br\/?p=4893\">Mostra de Dan\u00e7a Koinonia (2 Edi\u00e7\u00f5es)<\/a><\/p>\n<p><a href=\"https:\/\/cartografiadadancadoacre.com.br\/?p=5261\">Mostra de Dan\u00e7a Balance\u0301 Studio de Artes (2 Edi\u00e7\u00f5es)<\/a><\/p>\n<p><a href=\"http:\/\/cartografiadadancadoacre.com.br\/?p=151\">Semin\u00e1rio Hist\u00f3ria da Dan\u00e7a no Acre (1 Edi\u00e7\u00e3o)<\/a><\/p>\n<p>&nbsp;<\/p>\n","protected":false},"excerpt":{"rendered":"<p>Express\u00f5es Contempor\u00e2neas &#8211; Cria\u00e7\u00e3o e Visibilidade do SESC\/ACRE (5 Edi\u00e7\u00f5es) Festival de Dan\u00e7a do Aquiry (2 Edi\u00e7\u00f5es) Festival de Dan\u00e7a Arte em Movimento (2 Edi\u00e7\u00f5es) F\u00f3rum de Dan\u00e7a do Acre (3 Edi\u00e7\u00f5es) Mostra Garatuja de Dan\u00e7a (8 Edi\u00e7\u00f5es) Mostra Pl\u00e1cido de Castro (1 Edi\u00e7\u00e3o) Mostra de Dan\u00e7a Koinonia (2 Edi\u00e7\u00f5es) Mostra de Dan\u00e7a Balance\u0301 Studio [&hellip;]<\/p>\n","protected":false},"author":1,"featured_media":0,"parent":0,"menu_order":0,"comment_status":"closed","ping_status":"closed","template":"","meta":{"_et_pb_use_builder":"","_et_pb_old_content":"","_et_gb_content_width":"","footnotes":""},"class_list":["post-379","page","type-page","status-publish","hentry"],"_links":{"self":[{"href":"https:\/\/cartografiadadancadoacre.com.br\/index.php?rest_route=\/wp\/v2\/pages\/379","targetHints":{"allow":["GET"]}}],"collection":[{"href":"https:\/\/cartografiadadancadoacre.com.br\/index.php?rest_route=\/wp\/v2\/pages"}],"about":[{"href":"https:\/\/cartografiadadancadoacre.com.br\/index.php?rest_route=\/wp\/v2\/types\/page"}],"author":[{"embeddable":true,"href":"https:\/\/cartografiadadancadoacre.com.br\/index.php?rest_route=\/wp\/v2\/users\/1"}],"replies":[{"embeddable":true,"href":"https:\/\/cartografiadadancadoacre.com.br\/index.php?rest_route=%2Fwp%2Fv2%2Fcomments&post=379"}],"version-history":[{"count":4,"href":"https:\/\/cartografiadadancadoacre.com.br\/index.php?rest_route=\/wp\/v2\/pages\/379\/revisions"}],"predecessor-version":[{"id":5347,"href":"https:\/\/cartografiadadancadoacre.com.br\/index.php?rest_route=\/wp\/v2\/pages\/379\/revisions\/5347"}],"wp:attachment":[{"href":"https:\/\/cartografiadadancadoacre.com.br\/index.php?rest_route=%2Fwp%2Fv2%2Fmedia&parent=379"}],"curies":[{"name":"wp","href":"https:\/\/api.w.org\/{rel}","templated":true}]}}