{"id":1750,"date":"2016-10-04T00:17:05","date_gmt":"2016-10-04T00:17:05","guid":{"rendered":"http:\/\/cartografiadadancadoacre.com.br\/?page_id=1750"},"modified":"2020-09-12T21:41:20","modified_gmt":"2020-09-12T21:41:20","slug":"parcerias","status":"publish","type":"page","link":"https:\/\/cartografiadadancadoacre.com.br\/?page_id=1750","title":{"rendered":"Parcerias"},"content":{"rendered":"<h1>Funda\u00e7\u00e3o Municipal de Cultura Garibaldi Brasil (FGB)<\/h1>\n<p>Endere\u00e7o: Rua Luiz Z. da Silva | N\u00ba 499 | Conjunto Manoel Juli\u00e3o | Bairro Esta\u00e7\u00e3o Experimental<br \/>\nRio Branco, Acre<br \/>\nE-mail: @fundacaogaribaldibrasil<br \/>\nTelefone: +55 68 3224-0899<br \/>\nSite: <a href=\"http:\/\/www.riobranco.ac.gov.br\/index.php\/secretarias\/fundacao-garibaldi-brasil.html\" target=\"_blank\" rel=\"noopener noreferrer\">http:\/\/www.riobranco.ac.gov.br\/index.php\/secretarias\/fundacao-garibaldi-brasil.html<\/a><br \/>\n<a href=\"https:\/\/www.facebook.com\/fundacaogaribaldibrasil\/\" target=\"_blank\" rel=\"noopener noreferrer\">Facebook<\/a><\/p>\n<h1>Funda\u00e7\u00e3o Elias Mansour (FEM)<\/h1>\n<p>Endere\u00e7o: Rua Senador Eduardo Assmar | N\u00ba 1291 | Bairro Seis de Agosto | 69.900-000<br \/>\nRio Branco, Acre<br \/>\nE-mail: gabinete.fem@ac.gov.br<br \/>\nTelefone: +55 68 3223-9688<br \/>\nSite: <a href=\"http:\/\/www.cultura.ac.gov.br\/wps\/portal\/fem\/fem\/principal\" target=\"_blank\" rel=\"noopener noreferrer\">http:\/\/www.cultura.ac.gov.br\/wps\/portal\/fem\/fem\/principal\/<\/a><\/p>\n<h1>Departamento de Patrim\u00f4nio Hist\u00f3rico e Cultural Do Acre (DPHC)<\/h1>\n<p>Endere\u00e7o: Rua Senador Eduardo Assmar | N\u00ba 1247 | 69.900-150<br \/>\nRio Branco, Acre<br \/>\nE-mail: fem.dphc@gmail.com<br \/>\nTelefone: +55 68 3223-7717<br \/>\nSite: <a href=\"http:\/\/www.patrimoniohistorico.ac.gov.br\/wps\/portal\/dphc\/dphc\/principal\" target=\"_blank\" rel=\"noopener noreferrer\">http:\/\/www.patrimoniohistorico.ac.gov.br\/wps\/portal\/dphc\/dphc\/principal<\/a><\/p>\n<h1>Servi\u00e7o Social do Com\u00e9rcio (SESC)<\/h1>\n<p>Endere\u00e7o: Av. Brasil | N\u00ba 713 | Centro | 69.900-076<br \/>\nRio Branco, Acre<br \/>\nTelefone: +55 68 3302-1050<br \/>\nSite: <a href=\"http:\/\/www.sescacre.com.br\/=\">http:\/\/www.sescacre.com.br\/<\/a><\/p>\n<h1>Movimento de Dan\u00e7a do Acre\u00a0(MODA)<\/h1>\n<p>Facebook:\u00a0<a href=\"https:\/\/www.facebook.com\/profile.php?id=314020065444669&amp;ref=ts&amp;fref=ts\">https:\/\/www.facebook.com\/profile.php?id=314020065444669&amp;ref=ts&amp;fref=ts<\/a><\/p>\n<h1>Coletivo de Documenta\u00e7\u00e3o e Pesquisa em Dan\u00e7a Eros Vol\u00fasia (CDPDAN)<\/h1>\n<p>Site: <a href=\"http:\/\/e-groups.unb.br\/cdpdan\">http:\/\/e-groups.unb.br\/cdpdan<\/a> ou\u00a0<a href=\"http:\/\/cdpdan.blogspot.com\">http:\/\/cdpdan.blogspot.com<\/a><\/p>\n<h1>Associa\u00e7\u00e3o de Dan\u00e7a do Acre (ASDAC)<\/h1>\n<p>&nbsp;<\/p>\n<p>&nbsp;<\/p>\n","protected":false},"excerpt":{"rendered":"<p>Funda\u00e7\u00e3o Municipal de Cultura Garibaldi Brasil (FGB) Endere\u00e7o: Rua Luiz Z. da Silva | N\u00ba 499 | Conjunto Manoel Juli\u00e3o | Bairro Esta\u00e7\u00e3o Experimental Rio Branco, Acre E-mail: @fundacaogaribaldibrasil Telefone: +55 68 3224-0899 Site: http:\/\/www.riobranco.ac.gov.br\/index.php\/secretarias\/fundacao-garibaldi-brasil.html Facebook Funda\u00e7\u00e3o Elias Mansour (FEM) Endere\u00e7o: Rua Senador Eduardo Assmar | N\u00ba 1291 | Bairro Seis de Agosto | 69.900-000 [&hellip;]<\/p>\n","protected":false},"author":1,"featured_media":0,"parent":0,"menu_order":0,"comment_status":"closed","ping_status":"closed","template":"","meta":{"_et_pb_use_builder":"","_et_pb_old_content":"","_et_gb_content_width":"","footnotes":""},"class_list":["post-1750","page","type-page","status-publish","hentry"],"_links":{"self":[{"href":"https:\/\/cartografiadadancadoacre.com.br\/index.php?rest_route=\/wp\/v2\/pages\/1750","targetHints":{"allow":["GET"]}}],"collection":[{"href":"https:\/\/cartografiadadancadoacre.com.br\/index.php?rest_route=\/wp\/v2\/pages"}],"about":[{"href":"https:\/\/cartografiadadancadoacre.com.br\/index.php?rest_route=\/wp\/v2\/types\/page"}],"author":[{"embeddable":true,"href":"https:\/\/cartografiadadancadoacre.com.br\/index.php?rest_route=\/wp\/v2\/users\/1"}],"replies":[{"embeddable":true,"href":"https:\/\/cartografiadadancadoacre.com.br\/index.php?rest_route=%2Fwp%2Fv2%2Fcomments&post=1750"}],"version-history":[{"count":3,"href":"https:\/\/cartografiadadancadoacre.com.br\/index.php?rest_route=\/wp\/v2\/pages\/1750\/revisions"}],"predecessor-version":[{"id":4963,"href":"https:\/\/cartografiadadancadoacre.com.br\/index.php?rest_route=\/wp\/v2\/pages\/1750\/revisions\/4963"}],"wp:attachment":[{"href":"https:\/\/cartografiadadancadoacre.com.br\/index.php?rest_route=%2Fwp%2Fv2%2Fmedia&parent=1750"}],"curies":[{"name":"wp","href":"https:\/\/api.w.org\/{rel}","templated":true}]}}